{"id":83,"date":"2021-12-28T09:05:49","date_gmt":"2021-12-28T08:05:49","guid":{"rendered":"http:\/\/192.168.0.227\/wordpress\/?page_id=83"},"modified":"2024-12-20T08:22:41","modified_gmt":"2024-12-20T07:22:41","slug":"impressum","status":"publish","type":"page","link":"https:\/\/pi-geo.at\/?page_id=83","title":{"rendered":"Impressum"},"content":{"rendered":"\t\t<div data-elementor-type=\"wp-page\" data-elementor-id=\"83\" class=\"elementor elementor-83\">\n\t\t\t\t\t\t\t\t\t<section class=\"elementor-section elementor-top-section elementor-element elementor-element-4bb2b9d elementor-section-boxed elementor-section-height-default elementor-section-height-default\" data-id=\"4bb2b9d\" data-element_type=\"section\">\n\t\t\t\t\t\t<div class=\"elementor-container elementor-column-gap-default\">\n\t\t\t\t\t<div class=\"elementor-column elementor-col-100 elementor-top-column elementor-element elementor-element-7e051eb\" data-id=\"7e051eb\" data-element_type=\"column\">\n\t\t\t<div class=\"elementor-widget-wrap elementor-element-populated\">\n\t\t\t\t\t\t\t\t<div class=\"elementor-element elementor-element-40212da elementor-widget elementor-widget-spacer\" data-id=\"40212da\" data-element_type=\"widget\" data-widget_type=\"spacer.default\">\n\t\t\t\t<div class=\"elementor-widget-container\">\n\t\t\t<style>\/*! elementor - v3.7.2 - 21-08-2022 *\/\n.elementor-column .elementor-spacer-inner{height:var(--spacer-size)}.e-container{--container-widget-width:100%}.e-container>.elementor-widget-spacer{width:var(--container-widget-width,var(--spacer-size));-ms-flex-item-align:stretch;align-self:stretch;-ms-flex-negative:0;flex-shrink:0}.e-container>.elementor-widget-spacer>.elementor-widget-container,.e-container>.elementor-widget-spacer>.elementor-widget-container>.elementor-spacer{height:100%}.e-container>.elementor-widget-spacer>.elementor-widget-container>.elementor-spacer>.elementor-spacer-inner{height:var(--container-widget-height,var(--spacer-size))}<\/style>\t\t<div class=\"elementor-spacer\">\n\t\t\t<div class=\"elementor-spacer-inner\"><\/div>\n\t\t<\/div>\n\t\t\t\t<\/div>\n\t\t\t\t<\/div>\n\t\t\t\t<div class=\"elementor-element elementor-element-e0854fa elementor-widget elementor-widget-text-editor\" data-id=\"e0854fa\" data-element_type=\"widget\" data-widget_type=\"text-editor.default\">\n\t\t\t\t<div class=\"elementor-widget-container\">\n\t\t\t<style>\/*! elementor - v3.7.2 - 21-08-2022 *\/\n.elementor-widget-text-editor.elementor-drop-cap-view-stacked .elementor-drop-cap{background-color:#818a91;color:#fff}.elementor-widget-text-editor.elementor-drop-cap-view-framed .elementor-drop-cap{color:#818a91;border:3px solid;background-color:transparent}.elementor-widget-text-editor:not(.elementor-drop-cap-view-default) .elementor-drop-cap{margin-top:8px}.elementor-widget-text-editor:not(.elementor-drop-cap-view-default) .elementor-drop-cap-letter{width:1em;height:1em}.elementor-widget-text-editor .elementor-drop-cap{float:left;text-align:center;line-height:1;font-size:50px}.elementor-widget-text-editor .elementor-drop-cap-letter{display:inline-block}<\/style>\t\t\t\t<h3>Impressum <span style=\"color: #808080;\">(\u00a7 5 ECG)<\/span><strong><br><\/strong><\/h3>\n<p><strong>pi geotechnik ZT GmbH<\/strong><br>M\u00fchlbergstra\u00dfe 11\/3\/24<br>1140 Wien<br>\u00d6sterreich<br>Tel: +43&nbsp;699 11901433<br>Email:&nbsp;<a href=\"mailto:office@pi-geo.at\">office@pi-geo.at<\/a><\/p>\n<p><b>Priv.Doz. Dipl.-Ing. Dr.techn. Alexander PREH<\/b><br>Gesch\u00e4ftsf\u00fchrender Gesellschafter<br>Staatlich befugter und beeideter Ziviltechniker \/ Ingenieurkonsulent f\u00fcr Bauingenieurwesen<br>Privatdozent an der TU Wien, Institut f\u00fcr Geotechnik, Fachbereich Ingenieurgeologie<\/p>\n<p><b>Univ.Lektorin Dipl.-Ing. Dr.techn. Mariella ILLEDITSCH, MBA<\/b><br>Gesch\u00e4ftsf\u00fchrende Gesellschafterin<br>Staatlich befugte und beeidete Ziviltechnikerin \/ Ingenieurkonsulentin f\u00fcr Bauingenieurwesen<br>Univ.Lektorin an der TU Wien, Institut f\u00fcr Geotechnik, Fachbereich Ingenieurgeologie<\/p>\n<p><span lang=\"EN-US\">IBAN: AT40 2011 1844 7259 9600<br><\/span><span lang=\"EN-US\">UID-Nr:<\/span><span lang=\"EN-US\">&nbsp;ATU77770226<\/span><br>FN: 566189 g<br>Handelsgericht Wien<\/p>\n<p>Berufsrecht: ZTG<br>Ziviltechnikergesellschaft f\u00fcr Bauingenieurwesen (Geotechnik)<br>Ziviltechnikerbefugnis f\u00fcr das Fachgebiet Bauingenieurwesen mit dem Kanzleisitz in Wien, verliehen durch das \u00d6sterreichische Bundesministerium f\u00fcr Digitalisierung und Wirtschaftsstandort<br>Mitglied der Ziviltechnikerkammer f\u00fcr Wien, Nieder\u00f6sterreich und Burgenland<br>AGB (\u00a7 11 ECG):&nbsp;<a href=\"https:\/\/wien.arching.at\/fileadmin\/user_upload\/redakteure_wnb\/D_Service\/D_4_3_AGB_Standesregeln\/Allg%20_Gescha%CC%88ftsbedingungen_ZT_2010-11-01.pdf\" target=\"_blank\" rel=\"noopener\">LINK<\/a><br>Verbraucher haben die M\u00f6glichkeit, Beschwerden an die Schlichtungsstelle der Ziviltechnikerkammer f\u00fcr Wien, Nieder\u00f6sterreich und Burgenland zu richten:&nbsp;<a style=\"font-size: 14px; background-color: #e6e6e6;\" href=\"https:\/\/wien.arching.at\/service\/tipps_fuer_private_bauherren\/problemloesung.html\" target=\"_blank\" rel=\"noopener\">LINK<\/a><\/p>\n<p>Website: PI Geotechnik ZT GmbH<br>Fotos: Thomas SAUSGRUBER,&nbsp;<span style=\"font-family: Roboto, sans-serif; font-size: 14px; font-style: normal; font-variant-ligatures: normal; font-variant-caps: normal; font-weight: 400;\">Ralf&nbsp;STIDL<\/span><\/p>\n<h4>Rechtliche Hinweise<\/h4>\n<h5>Haftung:<\/h5>\n<p>Der Autor dieser Webseiten ist bestrebt, die hier angebotenen Informationen nach bestem Wissen und Gewissen vollst\u00e4ndig und richtig darzustellen und aktuell zu halten. Dennoch kann er keinerlei Haftung f\u00fcr Sch\u00e4den \u00fcbernehmen, die sich aus der Nutzung der angebotenen Informationen ergeben k\u00f6nnen \u2013 auch wenn diese auf die Nutzung von allenfalls unvollst\u00e4ndigen bzw. fehlerhaften Informationen zur\u00fcckzuf\u00fchren sind. F\u00fcr verlinkte Webseiten gilt \u00a7 17 ECG.<\/p>\n<h5>Urheberrecht:<\/h5>\n<p>Der Inhalt der vom Autor selbst erstellten Inhalte dieser Seiten ist urheberrechtlich gesch\u00fctzt. Jede den Bestimmungen des Urheberrechtsgesetzes widersprechende Verwendung jeglicher Inhalte dieser Webseiten \u2013 insbesondere die weitergehende Nutzung wie beispielsweise die Ver\u00f6ffentlichung, Vervielf\u00e4ltigung und jede Form von gewerblicher Nutzung sowie die Weitergabe an Dritte \u2013 auch in Teilen oder in \u00fcberarbeiteter Form \u2013 ohne ausdr\u00fcckliche Zustimmung des Autors ist untersagt. Davon ausgenommen sind ausdr\u00fccklich gekennzeichnete Dateien.<\/p>\n<h5>Informationsgehalt:<\/h5>\n<p>Die Informationen dieser Webseiten k\u00f6nnen ohne vorherige Ank\u00fcndigung ge\u00e4ndert, entfernt oder erg\u00e4nzt werden. Der Autor kann daher keine Garantie f\u00fcr die Korrektheit, Vollst\u00e4ndigkeit oder Qualit\u00e4t und letzte Aktualit\u00e4t der bereitgestellten Informationen geben.<\/p>\n<h5>Rechtswirksamkeit:<\/h5>\n<p>Durch Nutzung dieser Webseiten unterliegt der Nutzer den gegenst\u00e4ndlichen Ben\u00fctzungsbedingungen. Diese sind Teil des WWW-Angebotes. Sofern Teile oder einzelne Formulierungen der Ben\u00fctzungsbedingungen der geltenden Rechtslage nicht, nicht mehr oder nicht vollst\u00e4ndig entsprechen sollten, bleiben die \u00fcbrigen Teile der Ben\u00fctzungsbedingungen in ihrem Inhalt und ihrer G\u00fcltigkeit davon unber\u00fchrt.<\/p>\n<h5>Hinweis &#8211; Google Analytics:<\/h5>\n<p>\u201eDiese Website benutzt Google Analytics, einen Webanalysedienst der Google Inc. (\u201eGoogle\u201c) Google Analytics verwendet sog. \u201eCookies\u201c, Textdateien, die auf Ihrem Computer gespeichert werden und die eine Analyse der Benutzung der Website durch Sie erm\u00f6glicht. Die durch den Cookie erzeugten Informationen \u00fcber Ihre Benutzung dieser Website (einschlie\u00dflich Ihrer IP-Adresse) wird an einen Server von Google in den USA \u00fcbertragen und dort gespeichert. Google wird diese Informationen benutzen, um Ihre Nutzung der Website auszuwerten, um Reports \u00fcber die Websiteaktivit\u00e4ten f\u00fcr die Websitebetreiber zusammenzustellen und um weitere mit der Websitenutzung und der Internetnutzung verbundene Dienstleistungen zu erbringen. Auch wird Google diese Informationen gegebenenfalls an Dritte \u00fcbertragen, sofern dies gesetzlich vorgeschrieben oder soweit Dritte diese Daten im Auftrag von Google verarbeiten. Google wird in keinem Fall Ihre IP-Adresse mit anderen Daten oder Google in Verbindung bringen. Sie k\u00f6nnen die Installation der Cookies durch eine entsprechende Einstellung Ihrer Browser Software verhindern; wir weisen Sie jedoch darauf hin, dass Sie in diesem Fall gegebenenfalls nicht s\u00e4mtliche Funktionen dieser Website voll umf\u00e4nglich nutzen k\u00f6nnen. Durch die Nutzung dieser Website erkl\u00e4ren Sie sich mit der Bearbeitung der \u00fcber Sie erhobenen Daten durch Google in der zuvor beschriebenen Art und Weise und zu dem zuvor benannten Zweck einverstanden.\u201c [&#8230;]<\/p>\t\t\t\t\t\t<\/div>\n\t\t\t\t<\/div>\n\t\t\t\t\t<\/div>\n\t\t<\/div>\n\t\t\t\t\t\t\t<\/div>\n\t\t<\/section>\n\t\t\t\t\t\t\t<\/div>\n\t\t","protected":false},"excerpt":{"rendered":"<p>Impressum (\u00a7 5 ECG) pi geotechnik ZT GmbHM\u00fchlbergstra\u00dfe 11\/3\/241140 Wien\u00d6sterreichTel: +43&nbsp;699 11901433Email:&nbsp;office@pi-geo.at Priv.Doz. Dipl.-Ing. Dr.techn. Alexander PREHGesch\u00e4ftsf\u00fchrender GesellschafterStaatlich befugter und beeideter Ziviltechniker \/ Ingenieurkonsulent f\u00fcr BauingenieurwesenPrivatdozent an der TU Wien, Institut f\u00fcr Geotechnik, Fachbereich Ingenieurgeologie Univ.Lektorin Dipl.-Ing. Dr.techn. Mariella ILLEDITSCH, MBAGesch\u00e4ftsf\u00fchrende GesellschafterinStaatlich befugte und beeidete Ziviltechnikerin \/ Ingenieurkonsulentin f\u00fcr BauingenieurwesenUniv.Lektorin an der TU Wien, Institut [&hellip;]<\/p>\n","protected":false},"author":1,"featured_media":0,"parent":0,"menu_order":0,"comment_status":"closed","ping_status":"closed","template":"","meta":[],"_links":{"self":[{"href":"https:\/\/pi-geo.at\/index.php?rest_route=\/wp\/v2\/pages\/83"}],"collection":[{"href":"https:\/\/pi-geo.at\/index.php?rest_route=\/wp\/v2\/pages"}],"about":[{"href":"https:\/\/pi-geo.at\/index.php?rest_route=\/wp\/v2\/types\/page"}],"author":[{"embeddable":true,"href":"https:\/\/pi-geo.at\/index.php?rest_route=\/wp\/v2\/users\/1"}],"replies":[{"embeddable":true,"href":"https:\/\/pi-geo.at\/index.php?rest_route=%2Fwp%2Fv2%2Fcomments&post=83"}],"version-history":[{"count":71,"href":"https:\/\/pi-geo.at\/index.php?rest_route=\/wp\/v2\/pages\/83\/revisions"}],"predecessor-version":[{"id":1374,"href":"https:\/\/pi-geo.at\/index.php?rest_route=\/wp\/v2\/pages\/83\/revisions\/1374"}],"wp:attachment":[{"href":"https:\/\/pi-geo.at\/index.php?rest_route=%2Fwp%2Fv2%2Fmedia&parent=83"}],"curies":[{"name":"wp","href":"https:\/\/api.w.org\/{rel}","templated":true}]}}