{"id":75,"date":"2021-12-28T09:03:17","date_gmt":"2021-12-28T08:03:17","guid":{"rendered":"http:\/\/192.168.0.227\/wordpress\/?page_id=75"},"modified":"2025-07-23T11:52:12","modified_gmt":"2025-07-23T09:52:12","slug":"leistungen","status":"publish","type":"page","link":"https:\/\/pi-geo.at\/?page_id=75","title":{"rendered":"Leistungen"},"content":{"rendered":"\t\t<div data-elementor-type=\"wp-page\" data-elementor-id=\"75\" class=\"elementor elementor-75\">\n\t\t\t\t\t\t\t\t\t<section class=\"elementor-section elementor-top-section elementor-element elementor-element-a62740b elementor-section-boxed elementor-section-height-default elementor-section-height-default\" data-id=\"a62740b\" data-element_type=\"section\">\n\t\t\t\t\t\t<div class=\"elementor-container elementor-column-gap-default\">\n\t\t\t\t\t<div class=\"elementor-column elementor-col-20 elementor-top-column elementor-element elementor-element-3e14173\" data-id=\"3e14173\" data-element_type=\"column\">\n\t\t\t<div class=\"elementor-widget-wrap elementor-element-populated\">\n\t\t\t\t\t\t\t\t<div class=\"elementor-element elementor-element-1b3fc85 elementor-widget elementor-widget-spacer\" data-id=\"1b3fc85\" data-element_type=\"widget\" data-widget_type=\"spacer.default\">\n\t\t\t\t<div class=\"elementor-widget-container\">\n\t\t\t<style>\/*! elementor - v3.7.2 - 21-08-2022 *\/\n.elementor-column .elementor-spacer-inner{height:var(--spacer-size)}.e-container{--container-widget-width:100%}.e-container>.elementor-widget-spacer{width:var(--container-widget-width,var(--spacer-size));-ms-flex-item-align:stretch;align-self:stretch;-ms-flex-negative:0;flex-shrink:0}.e-container>.elementor-widget-spacer>.elementor-widget-container,.e-container>.elementor-widget-spacer>.elementor-widget-container>.elementor-spacer{height:100%}.e-container>.elementor-widget-spacer>.elementor-widget-container>.elementor-spacer>.elementor-spacer-inner{height:var(--container-widget-height,var(--spacer-size))}<\/style>\t\t<div class=\"elementor-spacer\">\n\t\t\t<div class=\"elementor-spacer-inner\"><\/div>\n\t\t<\/div>\n\t\t\t\t<\/div>\n\t\t\t\t<\/div>\n\t\t\t\t<div class=\"elementor-element elementor-element-4bc6d62 elementor-widget elementor-widget-image\" data-id=\"4bc6d62\" data-element_type=\"widget\" data-widget_type=\"image.default\">\n\t\t\t\t<div class=\"elementor-widget-container\">\n\t\t\t<style>\/*! elementor - v3.7.2 - 21-08-2022 *\/\n.elementor-widget-image{text-align:center}.elementor-widget-image a{display:inline-block}.elementor-widget-image a img[src$=\".svg\"]{width:48px}.elementor-widget-image img{vertical-align:middle;display:inline-block}<\/style>\t\t\t\t\t\t\t\t\t\t\t\t<img width=\"150\" height=\"150\" src=\"https:\/\/pi-geo.at\/wp-content\/uploads\/2022\/09\/Keilversagen2_Portf_transp-150x150.png\" class=\"attachment-thumbnail size-thumbnail\" alt=\"\" loading=\"lazy\" srcset=\"https:\/\/pi-geo.at\/wp-content\/uploads\/2022\/09\/Keilversagen2_Portf_transp-150x150.png 150w, https:\/\/pi-geo.at\/wp-content\/uploads\/2022\/09\/Keilversagen2_Portf_transp-300x300.png 300w, https:\/\/pi-geo.at\/wp-content\/uploads\/2022\/09\/Keilversagen2_Portf_transp-1024x1024.png 1024w, https:\/\/pi-geo.at\/wp-content\/uploads\/2022\/09\/Keilversagen2_Portf_transp-768x768.png 768w, https:\/\/pi-geo.at\/wp-content\/uploads\/2022\/09\/Keilversagen2_Portf_transp-1536x1536.png 1536w, https:\/\/pi-geo.at\/wp-content\/uploads\/2022\/09\/Keilversagen2_Portf_transp-2048x2048.png 2048w, https:\/\/pi-geo.at\/wp-content\/uploads\/2022\/09\/Keilversagen2_Portf_transp-600x600.png 600w\" sizes=\"(max-width: 150px) 100vw, 150px\" \/>\t\t\t\t\t\t\t\t\t\t\t\t\t\t\t<\/div>\n\t\t\t\t<\/div>\n\t\t\t\t<div class=\"elementor-element elementor-element-90e8f1a elementor-widget elementor-widget-heading\" data-id=\"90e8f1a\" data-element_type=\"widget\" data-widget_type=\"heading.default\">\n\t\t\t\t<div class=\"elementor-widget-container\">\n\t\t\t<style>\/*! elementor - v3.7.2 - 21-08-2022 *\/\n.elementor-heading-title{padding:0;margin:0;line-height:1}.elementor-widget-heading .elementor-heading-title[class*=elementor-size-]>a{color:inherit;font-size:inherit;line-height:inherit}.elementor-widget-heading .elementor-heading-title.elementor-size-small{font-size:15px}.elementor-widget-heading .elementor-heading-title.elementor-size-medium{font-size:19px}.elementor-widget-heading .elementor-heading-title.elementor-size-large{font-size:29px}.elementor-widget-heading .elementor-heading-title.elementor-size-xl{font-size:39px}.elementor-widget-heading .elementor-heading-title.elementor-size-xxl{font-size:59px}<\/style><h2 class=\"elementor-heading-title elementor-size-default\">B\u00f6schungen<\/h2>\t\t<\/div>\n\t\t\t\t<\/div>\n\t\t\t\t<div class=\"elementor-element elementor-element-0c1dbbe elementor-widget elementor-widget-text-editor\" data-id=\"0c1dbbe\" data-element_type=\"widget\" data-widget_type=\"text-editor.default\">\n\t\t\t\t<div class=\"elementor-widget-container\">\n\t\t\t<style>\/*! elementor - v3.7.2 - 21-08-2022 *\/\n.elementor-widget-text-editor.elementor-drop-cap-view-stacked .elementor-drop-cap{background-color:#818a91;color:#fff}.elementor-widget-text-editor.elementor-drop-cap-view-framed .elementor-drop-cap{color:#818a91;border:3px solid;background-color:transparent}.elementor-widget-text-editor:not(.elementor-drop-cap-view-default) .elementor-drop-cap{margin-top:8px}.elementor-widget-text-editor:not(.elementor-drop-cap-view-default) .elementor-drop-cap-letter{width:1em;height:1em}.elementor-widget-text-editor .elementor-drop-cap{float:left;text-align:center;line-height:1;font-size:50px}.elementor-widget-text-editor .elementor-drop-cap-letter{display:inline-block}<\/style>\t\t\t\t<p style=\"text-align: center;\">Strukturgeologische Analysen: Ermittlung des ma\u00dfgeblichen Trennfl\u00e4chengef\u00fcges <br \/>anhand von Laserscans, photogrammetrischen Aufnahmen (UAV) und Kartierungen<\/p><p style=\"text-align: center;\">Kluftk\u00f6rperbetrachtungen mithilfe der Blocktheorie<\/p><p style=\"text-align: center;\">Numerische Analysen mithilfe kontinuumsmechanischer (FEM &amp; FDM) und diskontinuumsmechanischer (DEM, SRM) Verfahren<\/p><p style=\"text-align: center;\"><span style=\"font-size: 14px; color: var( --e-global-color-text );\">Standsicherheitsuntersuchungen (in \u00dcbereinstimmung mit dem EC7)<\/span><\/p><p style=\"text-align: center;\"><span style=\"font-size: 14px; color: var( --e-global-color-text );\">Planung und Dimensionierung von Sicherungsma\u00dfnahmen<\/span><\/p><p style=\"text-align: center;\"><span style=\"font-size: 14px; color: var( --e-global-color-text );\">Entwicklung und Betreuung von Monitoringprogrammen<\/span><\/p><p style=\"text-align: center;\"><span style=\"font-size: 14px; color: var( --e-global-color-text );\">Planung von Tagbauzuschnitten in \u00dcbereinstimmung mit der Tagbauarbeitenverordnung (TAV)<\/span><\/p>\t\t\t\t\t\t<\/div>\n\t\t\t\t<\/div>\n\t\t\t\t\t<\/div>\n\t\t<\/div>\n\t\t\t\t<div class=\"elementor-column elementor-col-20 elementor-top-column elementor-element elementor-element-3f57a54\" data-id=\"3f57a54\" data-element_type=\"column\">\n\t\t\t<div class=\"elementor-widget-wrap elementor-element-populated\">\n\t\t\t\t\t\t\t\t<div class=\"elementor-element elementor-element-7b1f036 elementor-widget elementor-widget-spacer\" data-id=\"7b1f036\" data-element_type=\"widget\" data-widget_type=\"spacer.default\">\n\t\t\t\t<div class=\"elementor-widget-container\">\n\t\t\t\t\t<div class=\"elementor-spacer\">\n\t\t\t<div class=\"elementor-spacer-inner\"><\/div>\n\t\t<\/div>\n\t\t\t\t<\/div>\n\t\t\t\t<\/div>\n\t\t\t\t<div class=\"elementor-element elementor-element-83da0e9 elementor-widget elementor-widget-image\" data-id=\"83da0e9\" data-element_type=\"widget\" data-widget_type=\"image.default\">\n\t\t\t\t<div class=\"elementor-widget-container\">\n\t\t\t\t\t\t\t\t\t\t\t\t\t\t\t<img width=\"150\" height=\"150\" src=\"https:\/\/pi-geo.at\/wp-content\/uploads\/2022\/09\/Gruendung2-Portf_transp-150x150.png\" class=\"attachment-thumbnail size-thumbnail\" alt=\"\" loading=\"lazy\" srcset=\"https:\/\/pi-geo.at\/wp-content\/uploads\/2022\/09\/Gruendung2-Portf_transp-150x150.png 150w, https:\/\/pi-geo.at\/wp-content\/uploads\/2022\/09\/Gruendung2-Portf_transp-300x300.png 300w, https:\/\/pi-geo.at\/wp-content\/uploads\/2022\/09\/Gruendung2-Portf_transp-768x768.png 768w, https:\/\/pi-geo.at\/wp-content\/uploads\/2022\/09\/Gruendung2-Portf_transp-600x600.png 600w, https:\/\/pi-geo.at\/wp-content\/uploads\/2022\/09\/Gruendung2-Portf_transp.png 911w\" sizes=\"(max-width: 150px) 100vw, 150px\" \/>\t\t\t\t\t\t\t\t\t\t\t\t\t\t\t<\/div>\n\t\t\t\t<\/div>\n\t\t\t\t<div class=\"elementor-element elementor-element-ec09cee elementor-widget elementor-widget-heading\" data-id=\"ec09cee\" data-element_type=\"widget\" data-widget_type=\"heading.default\">\n\t\t\t\t<div class=\"elementor-widget-container\">\n\t\t\t<h2 class=\"elementor-heading-title elementor-size-default\">Gr\u00fcndungen<\/h2>\t\t<\/div>\n\t\t\t\t<\/div>\n\t\t\t\t<div class=\"elementor-element elementor-element-b3756cd elementor-widget elementor-widget-text-editor\" data-id=\"b3756cd\" data-element_type=\"widget\" data-widget_type=\"text-editor.default\">\n\t\t\t\t<div class=\"elementor-widget-container\">\n\t\t\t\t\t\t\t<p style=\"text-align: center;\">Standsicherheitsuntersuchungen mithilfe von Kluftk\u00f6rperbetrachtungen, Grenzgleichgewichtsverfahren und numerischen Verfahren (diskontinuumsmechanisch <br \/>und kontinuumsmechanisch)<\/p>\t\t\t\t\t\t<\/div>\n\t\t\t\t<\/div>\n\t\t\t\t\t<\/div>\n\t\t<\/div>\n\t\t\t\t<div class=\"elementor-column elementor-col-20 elementor-top-column elementor-element elementor-element-085c57d\" data-id=\"085c57d\" data-element_type=\"column\">\n\t\t\t<div class=\"elementor-widget-wrap elementor-element-populated\">\n\t\t\t\t\t\t\t\t<div class=\"elementor-element elementor-element-43a00e0 elementor-widget elementor-widget-spacer\" data-id=\"43a00e0\" data-element_type=\"widget\" data-widget_type=\"spacer.default\">\n\t\t\t\t<div class=\"elementor-widget-container\">\n\t\t\t\t\t<div class=\"elementor-spacer\">\n\t\t\t<div class=\"elementor-spacer-inner\"><\/div>\n\t\t<\/div>\n\t\t\t\t<\/div>\n\t\t\t\t<\/div>\n\t\t\t\t<div class=\"elementor-element elementor-element-f981511 elementor-widget elementor-widget-image\" data-id=\"f981511\" data-element_type=\"widget\" data-widget_type=\"image.default\">\n\t\t\t\t<div class=\"elementor-widget-container\">\n\t\t\t\t\t\t\t\t\t\t\t\t\t\t\t<img width=\"150\" height=\"150\" src=\"https:\/\/pi-geo.at\/wp-content\/uploads\/2022\/09\/Vals_Portf3-150x150.jpg\" class=\"attachment-thumbnail size-thumbnail\" alt=\"\" loading=\"lazy\" srcset=\"https:\/\/pi-geo.at\/wp-content\/uploads\/2022\/09\/Vals_Portf3-150x150.jpg 150w, https:\/\/pi-geo.at\/wp-content\/uploads\/2022\/09\/Vals_Portf3-300x300.jpg 300w, https:\/\/pi-geo.at\/wp-content\/uploads\/2022\/09\/Vals_Portf3-1024x1024.jpg 1024w, https:\/\/pi-geo.at\/wp-content\/uploads\/2022\/09\/Vals_Portf3-768x768.jpg 768w, https:\/\/pi-geo.at\/wp-content\/uploads\/2022\/09\/Vals_Portf3-1536x1536.jpg 1536w, https:\/\/pi-geo.at\/wp-content\/uploads\/2022\/09\/Vals_Portf3-2048x2048.jpg 2048w, https:\/\/pi-geo.at\/wp-content\/uploads\/2022\/09\/Vals_Portf3-600x600.jpg 600w\" sizes=\"(max-width: 150px) 100vw, 150px\" \/>\t\t\t\t\t\t\t\t\t\t\t\t\t\t\t<\/div>\n\t\t\t\t<\/div>\n\t\t\t\t<div class=\"elementor-element elementor-element-9289104 elementor-widget elementor-widget-heading\" data-id=\"9289104\" data-element_type=\"widget\" data-widget_type=\"heading.default\">\n\t\t\t\t<div class=\"elementor-widget-container\">\n\t\t\t<h2 class=\"elementor-heading-title elementor-size-default\">Naturgefahren<\/h2>\t\t<\/div>\n\t\t\t\t<\/div>\n\t\t\t\t<div class=\"elementor-element elementor-element-9bf3451 elementor-widget elementor-widget-text-editor\" data-id=\"9bf3451\" data-element_type=\"widget\" data-widget_type=\"text-editor.default\">\n\t\t\t\t<div class=\"elementor-widget-container\">\n\t\t\t\t\t\t\t<p style=\"text-align: center;\">Auslaufberechnungen (runout) mithilfe von Prozessmodellen (Steinschlag, Felssturz <br \/>und Felslawine)<\/p><p style=\"text-align: center;\">Erstellung von Gefahrenkarten f\u00fcr Steinschlag und Auslaufprozesse wie <br \/>Felsst\u00fcrze und Felslawinen<\/p><p style=\"text-align: center;\">Kartierung, Berechnung<br \/>\u00a0der Trajektorien mittels Prozessmodellen, <br \/>Erstellung von Gefahrenkarten mittels GIS-Systemen<\/p>\t\t\t\t\t\t<\/div>\n\t\t\t\t<\/div>\n\t\t\t\t\t<\/div>\n\t\t<\/div>\n\t\t\t\t<div class=\"elementor-column elementor-col-20 elementor-top-column elementor-element elementor-element-dc6cc5b\" data-id=\"dc6cc5b\" data-element_type=\"column\">\n\t\t\t<div class=\"elementor-widget-wrap elementor-element-populated\">\n\t\t\t\t\t\t\t\t<div class=\"elementor-element elementor-element-35b9e4d elementor-widget elementor-widget-spacer\" data-id=\"35b9e4d\" data-element_type=\"widget\" data-widget_type=\"spacer.default\">\n\t\t\t\t<div class=\"elementor-widget-container\">\n\t\t\t\t\t<div class=\"elementor-spacer\">\n\t\t\t<div class=\"elementor-spacer-inner\"><\/div>\n\t\t<\/div>\n\t\t\t\t<\/div>\n\t\t\t\t<\/div>\n\t\t\t\t<div class=\"elementor-element elementor-element-49b9649 elementor-widget elementor-widget-image\" data-id=\"49b9649\" data-element_type=\"widget\" data-widget_type=\"image.default\">\n\t\t\t\t<div class=\"elementor-widget-container\">\n\t\t\t\t\t\t\t\t\t\t\t\t\t\t\t<img width=\"150\" height=\"150\" src=\"https:\/\/pi-geo.at\/wp-content\/uploads\/2022\/09\/Mueller_Portf_transp-150x150.png\" class=\"attachment-thumbnail size-thumbnail\" alt=\"\" loading=\"lazy\" srcset=\"https:\/\/pi-geo.at\/wp-content\/uploads\/2022\/09\/Mueller_Portf_transp-150x150.png 150w, https:\/\/pi-geo.at\/wp-content\/uploads\/2022\/09\/Mueller_Portf_transp-300x300.png 300w, https:\/\/pi-geo.at\/wp-content\/uploads\/2022\/09\/Mueller_Portf_transp-600x600.png 600w, https:\/\/pi-geo.at\/wp-content\/uploads\/2022\/09\/Mueller_Portf_transp.png 615w\" sizes=\"(max-width: 150px) 100vw, 150px\" \/>\t\t\t\t\t\t\t\t\t\t\t\t\t\t\t<\/div>\n\t\t\t\t<\/div>\n\t\t\t\t<div class=\"elementor-element elementor-element-41d2733 elementor-widget elementor-widget-heading\" data-id=\"41d2733\" data-element_type=\"widget\" data-widget_type=\"heading.default\">\n\t\t\t\t<div class=\"elementor-widget-container\">\n\t\t\t<h2 class=\"elementor-heading-title elementor-size-default\">Tunnel<\/h2>\t\t<\/div>\n\t\t\t\t<\/div>\n\t\t\t\t<div class=\"elementor-element elementor-element-3026023 elementor-widget elementor-widget-text-editor\" data-id=\"3026023\" data-element_type=\"widget\" data-widget_type=\"text-editor.default\">\n\t\t\t\t<div class=\"elementor-widget-container\">\n\t\t\t\t\t\t\t<p style=\"text-align: center;\">Standsicherheitsuntersuchungen mithilfe von Kluftk\u00f6rperbetrachtungen, Grenzgleichgewichtsverfahren und numerischen Verfahren (diskontinuumsmechanisch <br \/>und kontinuumsmechanisch)<\/p><p style=\"text-align: center;\">Untersuchungen der Tunnelstandsicherheit in quell- und schwellf\u00e4higem Gebirge<\/p><p style=\"text-align: center;\">Tunnelstatik, <br \/>Dimensionierung des Ausbaus<\/p>\t\t\t\t\t\t<\/div>\n\t\t\t\t<\/div>\n\t\t\t\t\t<\/div>\n\t\t<\/div>\n\t\t\t\t<div class=\"elementor-column elementor-col-20 elementor-top-column elementor-element elementor-element-be755ed\" data-id=\"be755ed\" data-element_type=\"column\">\n\t\t\t<div class=\"elementor-widget-wrap elementor-element-populated\">\n\t\t\t\t\t\t\t\t<div class=\"elementor-element elementor-element-5636130 elementor-widget elementor-widget-spacer\" data-id=\"5636130\" data-element_type=\"widget\" data-widget_type=\"spacer.default\">\n\t\t\t\t<div class=\"elementor-widget-container\">\n\t\t\t\t\t<div class=\"elementor-spacer\">\n\t\t\t<div class=\"elementor-spacer-inner\"><\/div>\n\t\t<\/div>\n\t\t\t\t<\/div>\n\t\t\t\t<\/div>\n\t\t\t\t<div class=\"elementor-element elementor-element-4a26440 elementor-widget elementor-widget-image\" data-id=\"4a26440\" data-element_type=\"widget\" data-widget_type=\"image.default\">\n\t\t\t\t<div class=\"elementor-widget-container\">\n\t\t\t\t\t\t\t\t\t\t\t\t\t\t\t<img width=\"150\" height=\"150\" src=\"https:\/\/pi-geo.at\/wp-content\/uploads\/2022\/09\/Capture-Portf-1-150x150.jpg\" class=\"attachment-thumbnail size-thumbnail\" alt=\"\" loading=\"lazy\" srcset=\"https:\/\/pi-geo.at\/wp-content\/uploads\/2022\/09\/Capture-Portf-1-150x150.jpg 150w, https:\/\/pi-geo.at\/wp-content\/uploads\/2022\/09\/Capture-Portf-1-300x300.jpg 300w, https:\/\/pi-geo.at\/wp-content\/uploads\/2022\/09\/Capture-Portf-1.jpg 363w\" sizes=\"(max-width: 150px) 100vw, 150px\" \/>\t\t\t\t\t\t\t\t\t\t\t\t\t\t\t<\/div>\n\t\t\t\t<\/div>\n\t\t\t\t<div class=\"elementor-element elementor-element-64a8fca elementor-widget elementor-widget-heading\" data-id=\"64a8fca\" data-element_type=\"widget\" data-widget_type=\"heading.default\">\n\t\t\t\t<div class=\"elementor-widget-container\">\n\t\t\t<h2 class=\"elementor-heading-title elementor-size-default\">Software-L\u00f6sungen<\/h2>\t\t<\/div>\n\t\t\t\t<\/div>\n\t\t\t\t<div class=\"elementor-element elementor-element-f77e9ab elementor-widget elementor-widget-text-editor\" data-id=\"f77e9ab\" data-element_type=\"widget\" data-widget_type=\"text-editor.default\">\n\t\t\t\t<div class=\"elementor-widget-container\">\n\t\t\t\t\t\t\t<p style=\"text-align: center;\">Erstellung von ma\u00dfgeschneiderten Software-L\u00f6sungen f\u00fcr individuelle Problemstellungen <br \/>(z.B. mithilfe von Python-Scripts)<\/p>\t\t\t\t\t\t<\/div>\n\t\t\t\t<\/div>\n\t\t\t\t<div class=\"elementor-element elementor-element-bdc68cd elementor-widget elementor-widget-text-editor\" data-id=\"bdc68cd\" data-element_type=\"widget\" data-widget_type=\"text-editor.default\">\n\t\t\t\t<div class=\"elementor-widget-container\">\n\t\t\t\t\t\t\t<p style=\"text-align: center;\"><span style=\"color: #c01e00;\">Open Source Tool<\/span><br><a style=\"font-size: 14px; background-color: #e6e6e6;\" href=\"https:\/\/blockdistribution.streamlit.app\/\" target=\"_blank\" rel=\"noopener\">Block Distribution App<\/a><\/p>\t\t\t\t\t\t<\/div>\n\t\t\t\t<\/div>\n\t\t\t\t\t<\/div>\n\t\t<\/div>\n\t\t\t\t\t\t\t<\/div>\n\t\t<\/section>\n\t\t\t\t<section class=\"elementor-section elementor-top-section elementor-element elementor-element-1dfd83d elementor-section-boxed elementor-section-height-default elementor-section-height-default\" data-id=\"1dfd83d\" data-element_type=\"section\">\n\t\t\t\t\t\t<div class=\"elementor-container elementor-column-gap-default\">\n\t\t\t\t\t<div class=\"elementor-column elementor-col-100 elementor-top-column elementor-element elementor-element-cd6a0ce\" data-id=\"cd6a0ce\" data-element_type=\"column\">\n\t\t\t<div class=\"elementor-widget-wrap elementor-element-populated\">\n\t\t\t\t\t\t\t\t<div class=\"elementor-element elementor-element-6901cf7 elementor-arrows-position-inside elementor-pagination-position-outside elementor-widget elementor-widget-image-carousel\" data-id=\"6901cf7\" data-element_type=\"widget\" data-settings=\"{&quot;navigation&quot;:&quot;both&quot;,&quot;autoplay&quot;:&quot;yes&quot;,&quot;pause_on_hover&quot;:&quot;yes&quot;,&quot;pause_on_interaction&quot;:&quot;yes&quot;,&quot;autoplay_speed&quot;:5000,&quot;infinite&quot;:&quot;yes&quot;,&quot;speed&quot;:500}\" data-widget_type=\"image-carousel.default\">\n\t\t\t\t<div class=\"elementor-widget-container\">\n\t\t\t<style>\/*! elementor - v3.7.2 - 21-08-2022 *\/\n.elementor-widget-image-carousel .swiper-container{position:static}.elementor-widget-image-carousel .swiper-container .swiper-slide figure{line-height:inherit}.elementor-widget-image-carousel .swiper-slide{text-align:center}.elementor-image-carousel-wrapper:not(.swiper-container-initialized) .swiper-slide{max-width:calc(100% \/ var(--e-image-carousel-slides-to-show, 3))}<\/style>\t\t<div class=\"elementor-image-carousel-wrapper swiper-container\" dir=\"ltr\">\n\t\t\t<div class=\"elementor-image-carousel swiper-wrapper\">\n\t\t\t\t\t\t\t\t<div class=\"swiper-slide\"><figure class=\"swiper-slide-inner\"><img class=\"swiper-slide-image\" src=\"https:\/\/pi-geo.at\/wp-content\/uploads\/elementor\/thumbs\/2020-08-05-12.47.18-scaled-pjq0zmo7lyunxgorrurozsvnoeew2g6o0e5x0djxrs.jpg\" alt=\"2020-08-05 12.47.18\" \/><\/figure><\/div><div class=\"swiper-slide\"><figure class=\"swiper-slide-inner\"><img class=\"swiper-slide-image\" src=\"https:\/\/pi-geo.at\/wp-content\/uploads\/elementor\/thumbs\/StereoNet_Keil_transp-pv4qozizghdlnqib54mupg2k07n1x05mgaw6wsqyt4.png\" alt=\"StereoNet_Keil_transp\" \/><\/figure><\/div><div class=\"swiper-slide\"><figure class=\"swiper-slide-inner\"><img class=\"swiper-slide-image\" src=\"https:\/\/pi-geo.at\/wp-content\/uploads\/elementor\/thumbs\/Bereich-1-Ansicht-1-qyqau0jzoduzz7bnlhiugfvabxxpehgck6bg1qz16g.png\" alt=\"Bereich 1 Ansicht\" \/><\/figure><\/div><div class=\"swiper-slide\"><figure class=\"swiper-slide-inner\"><img class=\"swiper-slide-image\" src=\"https:\/\/pi-geo.at\/wp-content\/uploads\/elementor\/thumbs\/Bereich-1-Ansicht-dipdir-1-qyqaszwa9ugteeswjjoe974b5wye2aetf4vibyhdx4.png\" alt=\"Bereich 1 Ansicht dipdir\" \/><\/figure><\/div><div class=\"swiper-slide\"><figure class=\"swiper-slide-inner\"><img class=\"swiper-slide-image\" src=\"https:\/\/pi-geo.at\/wp-content\/uploads\/elementor\/thumbs\/Greifenstein_openstereo2_ohnePole_LegendWieTable-qyqa93n9m38bnjpapy2oh7v2ib0p4xfconrin3zdmg.png\" alt=\"Greifenstein_openstereo2_ohnePole_LegendWieTable\" \/><\/figure><\/div><div class=\"swiper-slide\"><figure class=\"swiper-slide-inner\"><img class=\"swiper-slide-image\" src=\"https:\/\/pi-geo.at\/wp-content\/uploads\/elementor\/thumbs\/3DEC_failure_transp-pv4qc8tqtbxoa10ljmcwwntm46fxkpkm18j8prn35k.png\" alt=\"3DEC_failure_transp\" \/><\/figure><\/div><div class=\"swiper-slide\"><figure class=\"swiper-slide-inner\"><img class=\"swiper-slide-image\" src=\"https:\/\/pi-geo.at\/wp-content\/uploads\/elementor\/thumbs\/IMG_20190508_151748-pjq1j6pbsvmfhea4kt39dd7wm00t7qtmd6slgmk2bc.jpg\" alt=\"IMG_20190508_151748\" \/><\/figure><\/div><div class=\"swiper-slide\"><figure class=\"swiper-slide-inner\"><img class=\"swiper-slide-image\" src=\"https:\/\/pi-geo.at\/wp-content\/uploads\/elementor\/thumbs\/Gefahrenzone-Wachau-pjq0x3hv71dunad7k9cvrxvy20wabt4pbuvtgjb4jc.png\" alt=\"Gefahrenzone Wachau\" \/><\/figure><\/div><div class=\"swiper-slide\"><figure class=\"swiper-slide-inner\"><img class=\"swiper-slide-image\" src=\"https:\/\/pi-geo.at\/wp-content\/uploads\/elementor\/thumbs\/Vals_Portf2-scaled-pv1acw2ye9xukcaceb812z1r51qv9ed71oov95i114.jpg\" alt=\"Vals_Portf2\" \/><\/figure><\/div><div class=\"swiper-slide\"><figure class=\"swiper-slide-inner\"><img class=\"swiper-slide-image\" src=\"https:\/\/pi-geo.at\/wp-content\/uploads\/elementor\/thumbs\/Nagelwand_transp-pv4qj4z4xlddf305almf6x7axwgu0sxqzcrfetf5iw.png\" alt=\"Nagelwand_transp\" \/><\/figure><\/div><div class=\"swiper-slide\"><figure class=\"swiper-slide-inner\"><img class=\"swiper-slide-image\" src=\"https:\/\/pi-geo.at\/wp-content\/uploads\/elementor\/thumbs\/Seilkraefte2_Portf_transp-pv4q6f7qh9yqczh2jlr3ymptn952w7ggwf1yp29vp4.png\" alt=\"Seilkr\u00e4fte2_Portf_transp\" \/><\/figure><\/div><div class=\"swiper-slide\"><figure class=\"swiper-slide-inner\"><img class=\"swiper-slide-image\" src=\"https:\/\/pi-geo.at\/wp-content\/uploads\/elementor\/thumbs\/Szz_Tubes_transp-1-pv4r81p61jgx32tlud8i9mx1nhp001toen4n8shkmw.png\" alt=\"Szz_Tubes_transp\" \/><\/figure><\/div><div class=\"swiper-slide\"><figure class=\"swiper-slide-inner\"><img class=\"swiper-slide-image\" src=\"https:\/\/pi-geo.at\/wp-content\/uploads\/elementor\/thumbs\/Rossatz_Wand-pjq1r95ggoo14wk8gsmz9txc6298a7uoh4dmr4lewo.png\" alt=\"Rossatz_Wand\" \/><\/figure><\/div><div class=\"swiper-slide\"><figure class=\"swiper-slide-inner\"><img class=\"swiper-slide-image\" src=\"https:\/\/pi-geo.at\/wp-content\/uploads\/elementor\/thumbs\/Steinschlag_transp-pv4r6gd0gnafev4w56g9jjdxezjlyii1urc0ywul6g.png\" alt=\"Steinschlag_transp\" \/><\/figure><\/div><div class=\"swiper-slide\"><figure class=\"swiper-slide-inner\"><img class=\"swiper-slide-image\" src=\"https:\/\/pi-geo.at\/wp-content\/uploads\/elementor\/thumbs\/Bereich-5-dipdir-qyq8xh5nca1besvotcz658iazhr750cy4xtvaelgvs.png\" alt=\"Bereich 5 dipdir+\" \/><\/figure><\/div><div class=\"swiper-slide\"><figure class=\"swiper-slide-inner\"><img class=\"swiper-slide-image\" src=\"https:\/\/pi-geo.at\/wp-content\/uploads\/elementor\/thumbs\/Bereich-1-dipdir-qyq8vgs2q1a8ktstjzowb8rt8tnxobdm6zlhc3ks6w.png\" alt=\"Bereich 1 dipdir+\" \/><\/figure><\/div>\t\t\t<\/div>\n\t\t\t\t\t\t\t\t\t\t\t\t<div class=\"swiper-pagination\"><\/div>\n\t\t\t\t\t\t\t\t\t\t\t\t\t<div class=\"elementor-swiper-button elementor-swiper-button-prev\">\n\t\t\t\t\t\t<i aria-hidden=\"true\" class=\"eicon-chevron-left\"><\/i>\t\t\t\t\t\t<span class=\"elementor-screen-only\">Zur\u00fcck<\/span>\n\t\t\t\t\t<\/div>\n\t\t\t\t\t<div class=\"elementor-swiper-button elementor-swiper-button-next\">\n\t\t\t\t\t\t<i aria-hidden=\"true\" class=\"eicon-chevron-right\"><\/i>\t\t\t\t\t\t<span class=\"elementor-screen-only\">Weiter<\/span>\n\t\t\t\t\t<\/div>\n\t\t\t\t\t\t\t\t\t<\/div>\n\t\t\t\t<\/div>\n\t\t\t\t<\/div>\n\t\t\t\t\t<\/div>\n\t\t<\/div>\n\t\t\t\t\t\t\t<\/div>\n\t\t<\/section>\n\t\t\t\t\t\t\t<\/div>\n\t\t","protected":false},"excerpt":{"rendered":"<p>B\u00f6schungen Strukturgeologische Analysen: Ermittlung des ma\u00dfgeblichen Trennfl\u00e4chengef\u00fcges anhand von Laserscans, photogrammetrischen Aufnahmen (UAV) und Kartierungen Kluftk\u00f6rperbetrachtungen mithilfe der Blocktheorie Numerische Analysen mithilfe kontinuumsmechanischer (FEM &amp; FDM) und diskontinuumsmechanischer (DEM, SRM) Verfahren Standsicherheitsuntersuchungen (in \u00dcbereinstimmung mit dem EC7) Planung und Dimensionierung von Sicherungsma\u00dfnahmen Entwicklung und Betreuung von Monitoringprogrammen Planung von Tagbauzuschnitten in \u00dcbereinstimmung mit der Tagbauarbeitenverordnung [&hellip;]<\/p>\n","protected":false},"author":1,"featured_media":0,"parent":0,"menu_order":0,"comment_status":"closed","ping_status":"closed","template":"","meta":[],"_links":{"self":[{"href":"https:\/\/pi-geo.at\/index.php?rest_route=\/wp\/v2\/pages\/75"}],"collection":[{"href":"https:\/\/pi-geo.at\/index.php?rest_route=\/wp\/v2\/pages"}],"about":[{"href":"https:\/\/pi-geo.at\/index.php?rest_route=\/wp\/v2\/types\/page"}],"author":[{"embeddable":true,"href":"https:\/\/pi-geo.at\/index.php?rest_route=\/wp\/v2\/users\/1"}],"replies":[{"embeddable":true,"href":"https:\/\/pi-geo.at\/index.php?rest_route=%2Fwp%2Fv2%2Fcomments&post=75"}],"version-history":[{"count":179,"href":"https:\/\/pi-geo.at\/index.php?rest_route=\/wp\/v2\/pages\/75\/revisions"}],"predecessor-version":[{"id":1388,"href":"https:\/\/pi-geo.at\/index.php?rest_route=\/wp\/v2\/pages\/75\/revisions\/1388"}],"wp:attachment":[{"href":"https:\/\/pi-geo.at\/index.php?rest_route=%2Fwp%2Fv2%2Fmedia&parent=75"}],"curies":[{"name":"wp","href":"https:\/\/api.w.org\/{rel}","templated":true}]}}